{"id":1198,"date":"2021-01-20T08:37:06","date_gmt":"2021-01-20T13:37:06","guid":{"rendered":"https:\/\/emplois-groupeselection.stagingsept24.com\/?page_id=1198"},"modified":"2023-04-19T15:24:25","modified_gmt":"2023-04-19T19:24:25","slug":"emplois-disponibles","status":"publish","type":"page","link":"https:\/\/emplois-groupeselection.stagingsept24.com\/?page_id=1198","title":{"rendered":"Emplois disponibles"},"content":{"rendered":"","protected":false},"excerpt":{"rendered":"","protected":false},"author":1,"featured_media":0,"parent":0,"menu_order":0,"comment_status":"closed","ping_status":"closed","template":"","meta":{"footnotes":""},"yoast_head":"<!-- This site is optimized with the Yoast SEO plugin v21.7 - https:\/\/yoast.com\/wordpress\/plugins\/seo\/ -->\n<title>D\u00e9couvre nos emplois disponibles - Groupe S\u00e9lection<\/title>\n<meta name=\"description\" content=\"D\u00e9couvrez les emplois disponibles du Groupe S\u00e9lection. On a l&#039;emploi pour toi. Pr\u00e9pos\u00e9 aux b\u00e9n\u00e9ficiaires, \u00e0 l&#039;entretien m\u00e9nager, aux installations, chef salle \u00e0 manger...\" \/>\n<meta name=\"robots\" content=\"index, follow, max-snippet:-1, max-image-preview:large, max-video-preview:-1\" \/>\n<link rel=\"canonical\" href=\"https:\/\/emplois-groupeselection.stagingsept24.com\/?page_id=1198\" \/>\n<meta property=\"og:locale\" content=\"fr_CA\" \/>\n<meta property=\"og:type\" content=\"article\" \/>\n<meta property=\"og:title\" content=\"D\u00e9couvre nos emplois disponibles - Groupe S\u00e9lection\" \/>\n<meta property=\"og:description\" content=\"D\u00e9couvrez les emplois disponibles du Groupe S\u00e9lection. On a l&#039;emploi pour toi. Pr\u00e9pos\u00e9 aux b\u00e9n\u00e9ficiaires, \u00e0 l&#039;entretien m\u00e9nager, aux installations, chef salle \u00e0 manger...\" \/>\n<meta property=\"og:url\" content=\"https:\/\/emplois-groupeselection.stagingsept24.com\/?page_id=1198\" \/>\n<meta property=\"og:site_name\" content=\"Groupe S\u00e9lection\" \/>\n<meta property=\"article:modified_time\" content=\"2023-04-19T19:24:25+00:00\" \/>\n<meta property=\"og:image\" content=\"https:\/\/emplois-groupeselection.stagingsept24.com\/wp-content\/uploads\/2021\/07\/iStock-965380632-scaled.jpg\" \/>\n\t<meta property=\"og:image:width\" content=\"2560\" \/>\n\t<meta property=\"og:image:height\" content=\"1707\" \/>\n\t<meta property=\"og:image:type\" content=\"image\/jpeg\" \/>\n<meta name=\"twitter:card\" content=\"summary_large_image\" \/>\n<meta name=\"twitter:image\" content=\"https:\/\/emplois-groupeselection.stagingsept24.com\/wp-content\/uploads\/2021\/07\/iStock-965380632-scaled.jpg\" \/>\n<script type=\"application\/ld+json\" class=\"yoast-schema-graph\">{\"@context\":\"https:\/\/schema.org\",\"@graph\":[{\"@type\":\"WebPage\",\"@id\":\"https:\/\/emplois-groupeselection.stagingsept24.com\/?page_id=1198\",\"url\":\"https:\/\/emplois-groupeselection.stagingsept24.com\/?page_id=1198\",\"name\":\"D\u00e9couvre nos emplois disponibles - Groupe S\u00e9lection\",\"isPartOf\":{\"@id\":\"https:\/\/emplois-groupeselection.stagingsept24.com\/#website\"},\"datePublished\":\"2021-01-20T13:37:06+00:00\",\"dateModified\":\"2023-04-19T19:24:25+00:00\",\"description\":\"D\u00e9couvrez les emplois disponibles du Groupe S\u00e9lection. On a l'emploi pour toi. Pr\u00e9pos\u00e9 aux b\u00e9n\u00e9ficiaires, \u00e0 l'entretien m\u00e9nager, aux installations, chef salle \u00e0 manger...\",\"breadcrumb\":{\"@id\":\"https:\/\/emplois-groupeselection.stagingsept24.com\/?page_id=1198#breadcrumb\"},\"inLanguage\":\"fr-CA\",\"potentialAction\":[{\"@type\":\"ReadAction\",\"target\":[\"https:\/\/emplois-groupeselection.stagingsept24.com\/?page_id=1198\"]}]},{\"@type\":\"BreadcrumbList\",\"@id\":\"https:\/\/emplois-groupeselection.stagingsept24.com\/?page_id=1198#breadcrumb\",\"itemListElement\":[{\"@type\":\"ListItem\",\"position\":1,\"name\":\"Home\",\"item\":\"https:\/\/emplois-groupeselection.stagingsept24.com\/\"},{\"@type\":\"ListItem\",\"position\":2,\"name\":\"Emplois disponibles\"}]},{\"@type\":\"WebSite\",\"@id\":\"https:\/\/emplois-groupeselection.stagingsept24.com\/#website\",\"url\":\"https:\/\/emplois-groupeselection.stagingsept24.com\/\",\"name\":\"Groupe S\u00e9lection\",\"description\":\"Dans la joie! - Carri\u00e8res et emplois\",\"publisher\":{\"@id\":\"https:\/\/emplois-groupeselection.stagingsept24.com\/#organization\"},\"potentialAction\":[{\"@type\":\"SearchAction\",\"target\":{\"@type\":\"EntryPoint\",\"urlTemplate\":\"https:\/\/emplois-groupeselection.stagingsept24.com\/?s={search_term_string}\"},\"query-input\":\"required name=search_term_string\"}],\"inLanguage\":\"fr-CA\"},{\"@type\":\"Organization\",\"@id\":\"https:\/\/emplois-groupeselection.stagingsept24.com\/#organization\",\"name\":\"Groupe S\u00e9lection\",\"url\":\"https:\/\/emplois-groupeselection.stagingsept24.com\/\",\"logo\":{\"@type\":\"ImageObject\",\"inLanguage\":\"fr-CA\",\"@id\":\"https:\/\/emplois-groupeselection.stagingsept24.com\/#\/schema\/logo\/image\/\",\"url\":\"https:\/\/emplois-groupeselection.stagingsept24.com\/wp-content\/uploads\/2020\/02\/logo_groupe_selection.gif\",\"contentUrl\":\"https:\/\/emplois-groupeselection.stagingsept24.com\/wp-content\/uploads\/2020\/02\/logo_groupe_selection.gif\",\"width\":425,\"height\":135,\"caption\":\"Groupe S\u00e9lection\"},\"image\":{\"@id\":\"https:\/\/emplois-groupeselection.stagingsept24.com\/#\/schema\/logo\/image\/\"}}]}<\/script>\n<!-- \/ Yoast SEO plugin. -->","yoast_head_json":{"title":"D\u00e9couvre nos emplois disponibles - Groupe S\u00e9lection","description":"D\u00e9couvrez les emplois disponibles du Groupe S\u00e9lection. On a l'emploi pour toi. Pr\u00e9pos\u00e9 aux b\u00e9n\u00e9ficiaires, \u00e0 l'entretien m\u00e9nager, aux installations, chef salle \u00e0 manger...","robots":{"index":"index","follow":"follow","max-snippet":"max-snippet:-1","max-image-preview":"max-image-preview:large","max-video-preview":"max-video-preview:-1"},"canonical":"https:\/\/emplois-groupeselection.stagingsept24.com\/?page_id=1198","og_locale":"fr_CA","og_type":"article","og_title":"D\u00e9couvre nos emplois disponibles - Groupe S\u00e9lection","og_description":"D\u00e9couvrez les emplois disponibles du Groupe S\u00e9lection. On a l'emploi pour toi. Pr\u00e9pos\u00e9 aux b\u00e9n\u00e9ficiaires, \u00e0 l'entretien m\u00e9nager, aux installations, chef salle \u00e0 manger...","og_url":"https:\/\/emplois-groupeselection.stagingsept24.com\/?page_id=1198","og_site_name":"Groupe S\u00e9lection","article_modified_time":"2023-04-19T19:24:25+00:00","og_image":[{"width":2560,"height":1707,"url":"https:\/\/emplois-groupeselection.stagingsept24.com\/wp-content\/uploads\/2021\/07\/iStock-965380632-scaled.jpg","type":"image\/jpeg"}],"twitter_card":"summary_large_image","twitter_image":"https:\/\/emplois-groupeselection.stagingsept24.com\/wp-content\/uploads\/2021\/07\/iStock-965380632-scaled.jpg","schema":{"@context":"https:\/\/schema.org","@graph":[{"@type":"WebPage","@id":"https:\/\/emplois-groupeselection.stagingsept24.com\/?page_id=1198","url":"https:\/\/emplois-groupeselection.stagingsept24.com\/?page_id=1198","name":"D\u00e9couvre nos emplois disponibles - Groupe S\u00e9lection","isPartOf":{"@id":"https:\/\/emplois-groupeselection.stagingsept24.com\/#website"},"datePublished":"2021-01-20T13:37:06+00:00","dateModified":"2023-04-19T19:24:25+00:00","description":"D\u00e9couvrez les emplois disponibles du Groupe S\u00e9lection. On a l'emploi pour toi. Pr\u00e9pos\u00e9 aux b\u00e9n\u00e9ficiaires, \u00e0 l'entretien m\u00e9nager, aux installations, chef salle \u00e0 manger...","breadcrumb":{"@id":"https:\/\/emplois-groupeselection.stagingsept24.com\/?page_id=1198#breadcrumb"},"inLanguage":"fr-CA","potentialAction":[{"@type":"ReadAction","target":["https:\/\/emplois-groupeselection.stagingsept24.com\/?page_id=1198"]}]},{"@type":"BreadcrumbList","@id":"https:\/\/emplois-groupeselection.stagingsept24.com\/?page_id=1198#breadcrumb","itemListElement":[{"@type":"ListItem","position":1,"name":"Home","item":"https:\/\/emplois-groupeselection.stagingsept24.com\/"},{"@type":"ListItem","position":2,"name":"Emplois disponibles"}]},{"@type":"WebSite","@id":"https:\/\/emplois-groupeselection.stagingsept24.com\/#website","url":"https:\/\/emplois-groupeselection.stagingsept24.com\/","name":"Groupe S\u00e9lection","description":"Dans la joie! - Carri\u00e8res et emplois","publisher":{"@id":"https:\/\/emplois-groupeselection.stagingsept24.com\/#organization"},"potentialAction":[{"@type":"SearchAction","target":{"@type":"EntryPoint","urlTemplate":"https:\/\/emplois-groupeselection.stagingsept24.com\/?s={search_term_string}"},"query-input":"required name=search_term_string"}],"inLanguage":"fr-CA"},{"@type":"Organization","@id":"https:\/\/emplois-groupeselection.stagingsept24.com\/#organization","name":"Groupe S\u00e9lection","url":"https:\/\/emplois-groupeselection.stagingsept24.com\/","logo":{"@type":"ImageObject","inLanguage":"fr-CA","@id":"https:\/\/emplois-groupeselection.stagingsept24.com\/#\/schema\/logo\/image\/","url":"https:\/\/emplois-groupeselection.stagingsept24.com\/wp-content\/uploads\/2020\/02\/logo_groupe_selection.gif","contentUrl":"https:\/\/emplois-groupeselection.stagingsept24.com\/wp-content\/uploads\/2020\/02\/logo_groupe_selection.gif","width":425,"height":135,"caption":"Groupe S\u00e9lection"},"image":{"@id":"https:\/\/emplois-groupeselection.stagingsept24.com\/#\/schema\/logo\/image\/"}}]}},"_links":{"self":[{"href":"https:\/\/emplois-groupeselection.stagingsept24.com\/index.php?rest_route=\/wp\/v2\/pages\/1198"}],"collection":[{"href":"https:\/\/emplois-groupeselection.stagingsept24.com\/index.php?rest_route=\/wp\/v2\/pages"}],"about":[{"href":"https:\/\/emplois-groupeselection.stagingsept24.com\/index.php?rest_route=\/wp\/v2\/types\/page"}],"author":[{"embeddable":true,"href":"https:\/\/emplois-groupeselection.stagingsept24.com\/index.php?rest_route=\/wp\/v2\/users\/1"}],"replies":[{"embeddable":true,"href":"https:\/\/emplois-groupeselection.stagingsept24.com\/index.php?rest_route=%2Fwp%2Fv2%2Fcomments&post=1198"}],"version-history":[{"count":6,"href":"https:\/\/emplois-groupeselection.stagingsept24.com\/index.php?rest_route=\/wp\/v2\/pages\/1198\/revisions"}],"predecessor-version":[{"id":17490,"href":"https:\/\/emplois-groupeselection.stagingsept24.com\/index.php?rest_route=\/wp\/v2\/pages\/1198\/revisions\/17490"}],"wp:attachment":[{"href":"https:\/\/emplois-groupeselection.stagingsept24.com\/index.php?rest_route=%2Fwp%2Fv2%2Fmedia&parent=1198"}],"curies":[{"name":"wp","href":"https:\/\/api.w.org\/{rel}","templated":true}]}}